{"id":561,"date":"2020-09-10T11:04:11","date_gmt":"2020-09-10T08:04:11","guid":{"rendered":"https:\/\/laserprocessing.roen\/?page_id=561"},"modified":"2021-12-18T08:50:22","modified_gmt":"2021-12-18T06:50:22","slug":"debitare-laser-romania","status":"publish","type":"page","link":"https:\/\/laserprocessing.ro\/en\/debitare-laser-romania\/","title":{"rendered":"Laser cutting"},"content":{"rendered":"\t\t<div data-elementor-type=\"wp-page\" data-elementor-id=\"561\" class=\"elementor elementor-561\">\n\t\t\t\t\t\t<section class=\"elementor-section elementor-top-section elementor-element elementor-element-17659e80 elementor-section-boxed elementor-section-height-default elementor-section-height-default\" data-id=\"17659e80\" data-element_type=\"section\" data-e-type=\"section\">\n\t\t\t\t\t\t<div class=\"elementor-container elementor-column-gap-default\">\n\t\t\t\t\t<div class=\"elementor-column elementor-col-100 elementor-top-column elementor-element elementor-element-2aa27f28\" data-id=\"2aa27f28\" data-element_type=\"column\" data-e-type=\"column\">\n\t\t\t<div class=\"elementor-widget-wrap elementor-element-populated\">\n\t\t\t\t\t\t<div class=\"elementor-element elementor-element-48bfe268 elementor-widget elementor-widget-text-editor\" data-id=\"48bfe268\" data-element_type=\"widget\" data-e-type=\"widget\" data-widget_type=\"text-editor.default\">\n\t\t\t\t<div class=\"elementor-widget-container\">\n\t\t\t\t\t\t\t\t\t<h2><span style=\"color: #ffffff;\">DEBITARE LASER BUCURESTI ROMANIA<\/span><\/h2><p><span style=\"font-weight: 400;\">Dac\u0103 lucra\u021bi \u00een domeniul produc\u021biei \u0219i v\u0103 g\u00e2ndi\u021bi s\u0103 utiliza\u021bi t\u0103ierea cu laser \u00een urm\u0103torul proiect, este posibil s\u0103 v\u0103 \u00eentreba\u021bi care sunt avantajele. Este debitarea cu laser \u00eentr-adev\u0103r mai bun\u0103 dec\u00e2t t\u0103ierea tradi\u021bional\u0103 folosind matri\u021be, perfora\u021bii \u0219i alte instrumente similare?<\/span><\/p><p><span style=\"font-weight: 400;\">Pentru a v\u0103 ajuta s\u0103 afla\u021bi mai multe despre el \u0219i de ce este at\u00e2t de util, am \u00eentocmit aceast\u0103 list\u0103 cu doar c\u00e2teva avantaje ale debitarii cu laser.<\/span><\/p><p><span style=\"font-weight: 400;\">1.T\u0103ieri de mare precizie \u0219i precizie<\/span><\/p><p><span style=\"font-weight: 400;\">Debitarea cu laser folose\u0219te un laser extrem de mic \u0219i puternic, care ofer\u0103 un fascicul de lumin\u0103 focalizat materialului pe care \u00eel taie cu o precizie extrem\u0103.<\/span><\/p><p><span style=\"font-weight: 400;\">Laserul puternic tope\u0219te \u0219i evapor\u0103 materialul cu o precizie de neegalat, cu toleran\u021be tipice de 0,003 mm p\u00e2n\u0103 la 0,006 mm, \u00een majoritatea cazurilor. \u00cen schimb, un dispozitiv de debitare cu plasm\u0103 are de obicei o toleran\u021b\u0103 de aproximativ 0,02 mm, iar unele scule de t\u0103iere cu matri\u021b\u0103 au toleran\u021be de p\u00e2n\u0103 la 1-3 milimetri sau mai mult.<\/span><\/p><p><span style=\"font-weight: 400;\">C\u00e2nd sunt necesare acurate\u021be \u0219i precizie extrem de ridicate, t\u0103ietoarele cu laser sunt aproape \u00eentotdeauna cea mai bun\u0103 alegere. Acesta este unul dintre motivele pentru care t\u0103ierea cu laser este adesea folosit\u0103 \u00een industria aerospa\u021bial\u0103, unde toleran\u021bele sunt extrem de str\u00e2nse.<\/span><\/p><p><span style=\"font-weight: 400;\">2.Timp de livrare redus, f\u0103r\u0103 a fi necesar\u0103 \u00eenlocuirea sau modificarea sculelor, costuri mai mici<\/span><\/p><p><span style=\"font-weight: 400;\">Unul dintre cele mai bune beneficii ale unui aparat de debitare cu laser este c\u0103 este economic s\u0103 utiliza\u021bi debitarea cu laser chiar \u0219i pentru proiecte cu durat\u0103 limitat\u0103. Acest lucru se datoreaz\u0103 faptului c\u0103 un t\u0103ietor cu laser nu utilizeaz\u0103 niciun fel de unelte care trebuie s\u0103 fie personalizate sau modificate pentru proiectul dumneavoastr\u0103. De asemenea, nu are suprafe\u021be fizice de t\u0103iere care se uzeaz\u0103.<\/span><\/p><p><span style=\"font-weight: 400;\">Pentru a crea o component\u0103 sau o pies\u0103 cu un t\u0103ietor cu laser, tot ce ave\u021bi nevoie este un material de t\u0103iat, un t\u0103ietor cu laser \u0219i o schem\u0103 care poate fi \u00eenc\u0103rcat\u0103 \u00een computer. Acest lucru reduce costurile totale chiar \u0219i pentru proiectele cu loturi mici, \u00een special \u00een compara\u021bie cu uneltele \u0219i produc\u021bia tradi\u021bionale.<\/span><\/p><p><span style=\"font-weight: 400;\">Uneltele cu laser au, de asemenea, mai pu\u021bine p\u0103r\u021bi mecanice \u00een mi\u0219care, ceea ce reduce costurile de \u00eentre\u021binere \u0219i opera\u021biuni \u0219i ajut\u0103 la men\u021binerea sc\u0103zut\u0103 a costurilor de utilizare a unei companii de t\u0103iere cu laser.<\/span><\/p><p><span style=\"font-weight: 400;\">3.Poate face fa\u021b\u0103 locurilor de munc\u0103 de aproape orice complexitate<\/span><\/p><p><span style=\"font-weight: 400;\">Nu exist\u0103 nicio lucrare prea complex\u0103 pentru un t\u0103ietor cu laser. Laserul de mare putere poate fi folosit pentru a lucra pe o sec\u021biune foarte \u00eengust\u0103 de material \u0219i provoac\u0103 foarte pu\u021bin\u0103 deformare sau deformare a zonei t\u0103iate.<\/span><\/p><p><span style=\"font-weight: 400;\">Cu schema adecvat\u0103, o frez\u0103 cu laser poate fi utilizat\u0103 pentru a crea rapid \u0219i u\u0219or chiar \u0219i cele mai complexe geometrii \u0219i t\u0103ieri cu o precizie de neegalat \u0219i niveluri excelente de toleran\u021b\u0103.<\/span><\/p><p><span style=\"font-weight: 400;\">4.Utilizare mai mare a foilor cu mai pu\u021bine de\u0219euri<\/span><\/p><p>\u00a0<\/p><p><span style=\"font-weight: 400;\">Un alt beneficiu al preciziei \u0219i acurate\u021bei t\u0103ierii cu laser este c\u0103 poate utiliza un procent foarte mare din materialul de tabl\u0103. Prin imbricarea corect\u0103 a t\u0103ierilor, o masina de debitare cu laser poate maximiza num\u0103rul de componente \u0219i piese utilizabile din orice foaie de material dat\u0103.<\/span><\/p><p>\u00a0<\/p><p><span style=\"font-weight: 400;\">Din nou, acest lucru duce la costuri globale mai mici pentru proiectul dvs. \u0219i la timpi de finalizare mai rapid. Este nevoie de mai pu\u021bin timp pentru a schimba noi foi de material \u0219i mai pu\u021bin\u0103 materie prim\u0103 este irosit\u0103 de procesul de prelucrare \u0219i t\u0103iere.<\/span><\/p><p>\u00a0<\/p><p><span style=\"font-weight: 400;\">5.Nu provoac\u0103 daune sau deformare, chiar \u0219i materialelor sub\u021biri<\/span><\/p><p><span style=\"font-weight: 400;\">O concep\u021bie gre\u0219it\u0103 comun\u0103 despre t\u0103ierea cu laser este c\u0103 c\u0103ldura ridicat\u0103 provoac\u0103 o mul\u021bime de distorsiuni \u0219i deformare. Dar acest lucru nu este adev\u0103rat. Zona afectat\u0103 de c\u0103ldur\u0103 (HAZ) a t\u0103ierii cu laser este de fapt destul de mic\u0103 \u0219i, de obicei, nu provoac\u0103 probleme cu toleran\u021ba piesei sau componentei.<\/span><\/p><p><br \/><br \/><br \/><\/p><p><span style=\"font-weight: 400;\">Din acest motiv, laserele sunt de fapt ideale pentru t\u0103ierea materialelor extrem de sub\u021biri. Laserul taie materialul at\u00e2t de repede \u00eenc\u00e2t nu va deveni excesiv de fierbinte \u0219i nu se va deforma. HAZ este at\u00e2t de mic \u00eenc\u00e2t poate fi \u00eendep\u0103rtat cu u\u0219urin\u021b\u0103, dac\u0103 este necesar.<\/span><\/p><p><br \/><br \/><\/p><ol start=\"6\"><li><span style=\"font-weight: 400;\"> Consum redus de energie<\/span><\/li><\/ol><p><span style=\"font-weight: 400;\">\u00cen timp ce laserul folosit pentru t\u0103ierea materialelor utilizeaz\u0103 destul de mult\u0103 energie, frezele cu laser nu au alte piese mobile \u2013 spre deosebire de prese \u0219i alte unelte de t\u0103iere, care necesit\u0103 cantit\u0103\u021bi enorme de energie pentru a furniza for\u021b\u0103 de t\u0103iere folosind o matri\u021b\u0103 fizic\u0103.<\/span><\/p><p><br \/><br \/><br \/><\/p><p><span style=\"font-weight: 400;\">Un pumn de turel\u0103, de exemplu, poate consuma p\u00e2n\u0103 la 36 kW de energie atunci c\u00e2nd este utilizat la capacitate maxim\u0103. \u00cen schimb, ma\u0219inile de debitare cu laser necesit\u0103 rareori mai mult de 10 kW de energie \u2013 chiar \u0219i atunci c\u00e2nd sunt folosite pentru a t\u0103ia materiale extrem de groase, reflectorizante, cum ar fi aluminiul.<\/span><\/p><p><br \/><br \/><br \/><\/p><p><span style=\"font-weight: 400;\">Acest lucru ajut\u0103 la sc\u0103derea costurilor totale de func\u021bionare \u0219i, de asemenea, reduce impactul general al ma\u0219inilor de t\u0103iat cu laser asupra mediului.<\/span><\/p><p>\u00a0<\/p><p><span style=\"font-weight: 400;\">7.Versatilitate extrem\u0103 de t\u0103iere \u2014 Poate fi folosit pe aproape orice material<\/span><\/p><p>\u00a0<\/p><p><span style=\"font-weight: 400;\">C\u00e2nd vine vorba de avantajele t\u0103ierii cu laser, acesta este un beneficiu important. Debitarea cu laser poate fi folosit\u0103 pentru o mare varietate de sarcini diferite \u0219i nu doar pentru t\u0103ierea complet\u0103 a unui material. Laserele pot fi folosite \u0219i pentru g\u0103urire, marcare \u0219i gravare, doar pentru a numi c\u00e2teva func\u021bii \u2013 f\u0103r\u0103 a fi nevoie s\u0103 \u00eenlocui\u021bi sau s\u0103 schimba\u021bi vreo scul\u0103.<\/span><\/p><p><br \/><br \/><br \/><\/p><p><span style=\"font-weight: 400;\">Nu numai asta, dar frezele cu laser pot fi folosite pe aproape orice material. De la metale feroase, cum ar fi o\u021belul inoxidabil, p\u00e2n\u0103 la cupru, aluminiu, alam\u0103 \u0219i chiar \u0219i alte materiale precum compozitele, lemnul, plasticul \u0219i chiar unele tipuri de textile. Un t\u0103ietor cu laser poate fi folosit pentru a t\u0103ia aproape orice.<\/span><\/p>\t\t\t\t\t\t\t\t<\/div>\n\t\t\t\t<\/div>\n\t\t\t\t\t<\/div>\n\t\t<\/div>\n\t\t\t\t\t<\/div>\n\t\t<\/section>\n\t\t\t\t<\/div>\n\t\t","protected":false},"excerpt":{"rendered":"<p>DEBITARE LASER BUCURESTI ROMANIA Dac\u0103 lucra\u021bi \u00een domeniul produc\u021biei \u0219i v\u0103 g\u00e2ndi\u021bi s\u0103 utiliza\u021bi t\u0103ierea cu laser \u00een urm\u0103torul proiect, este posibil s\u0103 v\u0103 \u00eentreba\u021bi care sunt avantajele. Este debitarea cu laser \u00eentr-adev\u0103r mai bun\u0103 dec\u00e2t t\u0103ierea tradi\u021bional\u0103 folosind matri\u021be, perfora\u021bii \u0219i alte instrumente similare? Pentru a v\u0103 ajuta s\u0103 afla\u021bi mai multe despre el<a href=\"https:\/\/laserprocessing.ro\/en\/debitare-laser-romania\/\" class=\"read-more\"> [&#8230;]<\/a><\/p>\n","protected":false},"author":1,"featured_media":0,"parent":0,"menu_order":0,"comment_status":"closed","ping_status":"closed","template":"descriere-serviciu-template.php","meta":{"_exactmetrics_skip_tracking":false,"_exactmetrics_sitenote_active":false,"_exactmetrics_sitenote_note":"","_exactmetrics_sitenote_category":0,"ngg_post_thumbnail":0,"footnotes":""},"class_list":["post-561","page","type-page","status-publish","hentry"],"_links":{"self":[{"href":"https:\/\/laserprocessing.ro\/en\/wp-json\/wp\/v2\/pages\/561","targetHints":{"allow":["GET"]}}],"collection":[{"href":"https:\/\/laserprocessing.ro\/en\/wp-json\/wp\/v2\/pages"}],"about":[{"href":"https:\/\/laserprocessing.ro\/en\/wp-json\/wp\/v2\/types\/page"}],"author":[{"embeddable":true,"href":"https:\/\/laserprocessing.ro\/en\/wp-json\/wp\/v2\/users\/1"}],"replies":[{"embeddable":true,"href":"https:\/\/laserprocessing.ro\/en\/wp-json\/wp\/v2\/comments?post=561"}],"version-history":[{"count":108,"href":"https:\/\/laserprocessing.ro\/en\/wp-json\/wp\/v2\/pages\/561\/revisions"}],"predecessor-version":[{"id":2425,"href":"https:\/\/laserprocessing.ro\/en\/wp-json\/wp\/v2\/pages\/561\/revisions\/2425"}],"wp:attachment":[{"href":"https:\/\/laserprocessing.ro\/en\/wp-json\/wp\/v2\/media?parent=561"}],"curies":[{"name":"wp","href":"https:\/\/api.w.org\/{rel}","templated":true}]}}