{"id":543,"date":"2016-08-22T21:55:03","date_gmt":"2016-08-22T21:55:03","guid":{"rendered":"https:\/\/laserprocessing.ro?page_id=543"},"modified":"2021-01-17T08:28:19","modified_gmt":"2021-01-17T06:28:19","slug":"home","status":"publish","type":"page","link":"https:\/\/laserprocessing.ro\/ro\/home\/","title":{"rendered":"Home"},"content":{"rendered":"<p>Laser Processing este compania specializat\u0103 \u00een procesarea o\u021belului, inoxului \u0219i aluminiului, dar \u0219i a altor materiale precum masele plastice, cauciuc, sticl\u0103, piatr\u0103, lemn, prin t\u0103iere (debitare) laser, debitare cu jet de ap\u0103, \u00eendoire sau sudur\u0103. De-a lungul procesului de produc\u021bie, exper\u021bii no\u0219tri ofer\u0103 asisten\u021b\u0103 \u00een definirea exact\u0103 a nevoii clientului, \u00een definitivarea produsului \u0219i proiectare CAD.<\/p>","protected":false},"excerpt":{"rendered":"<p>Laser Processing este compania specializat\u0103 \u00een procesarea o\u021belului, inoxului \u0219i aluminiului, dar \u0219i a altor materiale precum masele plastice, cauciuc, sticl\u0103, piatr\u0103, lemn, prin t\u0103iere (debitare) laser, debitare cu jet de ap\u0103, \u00eendoire sau sudur\u0103. De-a lungul procesului de produc\u021bie, exper\u021bii no\u0219tri ofer\u0103 asisten\u021b\u0103 \u00een definirea exact\u0103 a nevoii clientului, \u00een definitivarea produsului \u0219i proiectare<a href=\"https:\/\/laserprocessing.ro\/ro\/home\/\" class=\"read-more\"> [&#8230;]<\/a><\/p>\n","protected":false},"author":1,"featured_media":0,"parent":0,"menu_order":0,"comment_status":"closed","ping_status":"closed","template":"","meta":{"_exactmetrics_skip_tracking":false,"_exactmetrics_sitenote_active":false,"_exactmetrics_sitenote_note":"","_exactmetrics_sitenote_category":0,"ngg_post_thumbnail":0,"footnotes":""},"class_list":["post-543","page","type-page","status-publish","hentry"],"_links":{"self":[{"href":"https:\/\/laserprocessing.ro\/ro\/wp-json\/wp\/v2\/pages\/543","targetHints":{"allow":["GET"]}}],"collection":[{"href":"https:\/\/laserprocessing.ro\/ro\/wp-json\/wp\/v2\/pages"}],"about":[{"href":"https:\/\/laserprocessing.ro\/ro\/wp-json\/wp\/v2\/types\/page"}],"author":[{"embeddable":true,"href":"https:\/\/laserprocessing.ro\/ro\/wp-json\/wp\/v2\/users\/1"}],"replies":[{"embeddable":true,"href":"https:\/\/laserprocessing.ro\/ro\/wp-json\/wp\/v2\/comments?post=543"}],"version-history":[{"count":8,"href":"https:\/\/laserprocessing.ro\/ro\/wp-json\/wp\/v2\/pages\/543\/revisions"}],"predecessor-version":[{"id":1288,"href":"https:\/\/laserprocessing.ro\/ro\/wp-json\/wp\/v2\/pages\/543\/revisions\/1288"}],"wp:attachment":[{"href":"https:\/\/laserprocessing.ro\/ro\/wp-json\/wp\/v2\/media?parent=543"}],"curies":[{"name":"wp","href":"https:\/\/api.w.org\/{rel}","templated":true}]}}