{"id":549,"date":"2016-08-22T22:15:41","date_gmt":"2016-08-22T22:15:41","guid":{"rendered":"https:\/\/laserprocessing.ro?page_id=549"},"modified":"2019-07-29T10:02:44","modified_gmt":"2019-07-29T07:02:44","slug":"servicii","status":"publish","type":"page","link":"https:\/\/laserprocessing.ro\/ro\/servicii\/","title":{"rendered":"Servicii Laser Processing"},"content":{"rendered":"<p>Laser Processing este compania specializat\u0103 \u00een procesarea o\u021belului, inoxului \u0219i aluminiului prin t\u0103iere (debitare) laser, prelucr\u0103ri mecanice, \u00eendoire sau sudur\u0103. De-a lungul procesului de produc\u021bie, exper\u021bii no\u0219tri ofer\u0103 asisten\u021b\u0103 \u00een definirea exact\u0103 a nevoii clientului, \u00een definitivarea produsului \u0219i proiectare CAD.<\/p>","protected":false},"excerpt":{"rendered":"<p>Laser Processing este compania specializat\u0103 \u00een procesarea o\u021belului, inoxului \u0219i aluminiului prin t\u0103iere (debitare) laser, prelucr\u0103ri mecanice, \u00eendoire sau sudur\u0103. De-a lungul procesului de produc\u021bie, exper\u021bii no\u0219tri ofer\u0103 asisten\u021b\u0103 \u00een definirea exact\u0103 a nevoii clientului, \u00een definitivarea produsului \u0219i proiectare CAD.<\/p>\n","protected":false},"author":1,"featured_media":0,"parent":0,"menu_order":0,"comment_status":"closed","ping_status":"closed","template":"","meta":{"_exactmetrics_skip_tracking":false,"_exactmetrics_sitenote_active":false,"_exactmetrics_sitenote_note":"","_exactmetrics_sitenote_category":0,"ngg_post_thumbnail":0,"footnotes":""},"class_list":["post-549","page","type-page","status-publish","hentry"],"_links":{"self":[{"href":"https:\/\/laserprocessing.ro\/ro\/wp-json\/wp\/v2\/pages\/549","targetHints":{"allow":["GET"]}}],"collection":[{"href":"https:\/\/laserprocessing.ro\/ro\/wp-json\/wp\/v2\/pages"}],"about":[{"href":"https:\/\/laserprocessing.ro\/ro\/wp-json\/wp\/v2\/types\/page"}],"author":[{"embeddable":true,"href":"https:\/\/laserprocessing.ro\/ro\/wp-json\/wp\/v2\/users\/1"}],"replies":[{"embeddable":true,"href":"https:\/\/laserprocessing.ro\/ro\/wp-json\/wp\/v2\/comments?post=549"}],"version-history":[{"count":7,"href":"https:\/\/laserprocessing.ro\/ro\/wp-json\/wp\/v2\/pages\/549\/revisions"}],"predecessor-version":[{"id":716,"href":"https:\/\/laserprocessing.ro\/ro\/wp-json\/wp\/v2\/pages\/549\/revisions\/716"}],"wp:attachment":[{"href":"https:\/\/laserprocessing.ro\/ro\/wp-json\/wp\/v2\/media?parent=549"}],"curies":[{"name":"wp","href":"https:\/\/api.w.org\/{rel}","templated":true}]}}