{"id":554,"date":"2016-08-29T07:22:30","date_gmt":"2016-08-29T07:22:30","guid":{"rendered":"https:\/\/laserprocessing.roen\/?page_id=554"},"modified":"2022-02-25T12:31:46","modified_gmt":"2022-02-25T10:31:46","slug":"despre","status":"publish","type":"page","link":"https:\/\/laserprocessing.ro\/ro\/despre\/","title":{"rendered":"Despre Laser Processing"},"content":{"rendered":"<p>Laser Processing este compania care se ocup\u0103 de procesarea o\u021belului, inoxului \u0219i aluminiului prin t\u0103iere (debitare) laser, \u00eendoire sau sudur\u0103. Ca urmare a \u00eencrederii oferite de partenerii no\u0219tri \u00een ultimii ani de activitate, am investit \u00een dezvoltarea echipamente \u0219i tehnologii care s\u0103 ne permit\u0103 s\u0103 livr\u0103m c\u0103tre clien\u021bii no\u0219tri calitate maxim\u0103, \u00een condi\u021bii optime de pre\u021b \u0219i timp.<\/p>\n<p>Laser Processing este confortabil instalat\u0103 \u00eentr-o cl\u0103dire nou\u0103 compus\u0103 din 500 mp de birouri \u0219i 1500 mp de atelier \u00een imediata apropiere a principalelor c\u0103i de comunicare a Bucure\u0219tiului, \u00een zona de Nord-Vest, la numai 200 m de \u0219oseaua de centura nord, la 13 km de DN1 \u0219i la doar 7 km de autostrada A1.<\/p>\n<p>O uzin\u0103 modern\u0103 \u0219i eficient organizat\u0103 ne permite s\u0103 venim \u00een \u00eent\u00e2mpinarea clientului cu procese diversificate de transformare a o\u021belului, inoxului \u0219i aluminiului: debitarea cu laser, indoirea, sudura \u0219i solu\u021bii moderne de CAD.<\/p>\n<p>Adaptabilitatea \u0219i interactivitatea echipei, combinate cu experien\u021ba \u0219i mijloacele de produc\u021bie de top, sunt la dispozi\u021bia clientului pentru a-l \u00eendruma \u0219i a transforma necesitatea sa \u00eentr-o solu\u021bie concret\u0103 \u0219i optim\u0103.<\/p>","protected":false},"excerpt":{"rendered":"<p>Laser Processing este compania care se ocup\u0103 de procesarea o\u021belului, inoxului \u0219i aluminiului prin t\u0103iere (debitare) laser, \u00eendoire sau sudur\u0103. Ca urmare a \u00eencrederii oferite de partenerii no\u0219tri \u00een ultimii ani de activitate, am investit \u00een dezvoltarea echipamente \u0219i tehnologii care s\u0103 ne permit\u0103 s\u0103 livr\u0103m c\u0103tre clien\u021bii no\u0219tri calitate maxim\u0103, \u00een condi\u021bii optime de<a href=\"https:\/\/laserprocessing.ro\/ro\/despre\/\" class=\"read-more\"> [&#8230;]<\/a><\/p>\n","protected":false},"author":1,"featured_media":0,"parent":0,"menu_order":0,"comment_status":"closed","ping_status":"closed","template":"despre-template.php","meta":{"_exactmetrics_skip_tracking":false,"_exactmetrics_sitenote_active":false,"_exactmetrics_sitenote_note":"","_exactmetrics_sitenote_category":0,"ngg_post_thumbnail":0,"footnotes":""},"class_list":["post-554","page","type-page","status-publish","hentry"],"_links":{"self":[{"href":"https:\/\/laserprocessing.ro\/ro\/wp-json\/wp\/v2\/pages\/554","targetHints":{"allow":["GET"]}}],"collection":[{"href":"https:\/\/laserprocessing.ro\/ro\/wp-json\/wp\/v2\/pages"}],"about":[{"href":"https:\/\/laserprocessing.ro\/ro\/wp-json\/wp\/v2\/types\/page"}],"author":[{"embeddable":true,"href":"https:\/\/laserprocessing.ro\/ro\/wp-json\/wp\/v2\/users\/1"}],"replies":[{"embeddable":true,"href":"https:\/\/laserprocessing.ro\/ro\/wp-json\/wp\/v2\/comments?post=554"}],"version-history":[{"count":17,"href":"https:\/\/laserprocessing.ro\/ro\/wp-json\/wp\/v2\/pages\/554\/revisions"}],"predecessor-version":[{"id":2456,"href":"https:\/\/laserprocessing.ro\/ro\/wp-json\/wp\/v2\/pages\/554\/revisions\/2456"}],"wp:attachment":[{"href":"https:\/\/laserprocessing.ro\/ro\/wp-json\/wp\/v2\/media?parent=554"}],"curies":[{"name":"wp","href":"https:\/\/api.w.org\/{rel}","templated":true}]}}