{"id":557,"date":"2016-08-29T09:34:28","date_gmt":"2016-08-29T09:34:28","guid":{"rendered":"https:\/\/laserprocessing.roen\/?page_id=557"},"modified":"2019-07-29T09:58:36","modified_gmt":"2019-07-29T06:58:36","slug":"proces-de-productie","status":"publish","type":"page","link":"https:\/\/laserprocessing.ro\/ro\/proces-de-productie\/","title":{"rendered":"Procesul de produc\u021bie"},"content":{"rendered":"<p><\/p>\n<h1>Pe c\u00e2t de complex, pe at\u00e2t de eficient: de la comand\u0103 la produs \u00een 4 zile<\/h1>\n<p>Laser Processing \u00ee\u0219i pune la dispozi\u021bie toate resursele pentru a onora comenzile clien\u021bilor \u00een condi\u021bii optime de timp \u0219i calitate.<\/p>\n<hr \/>\n<div class=\"accordion\">\n<div class=\"ac-trigger active\">1. Plasare comand\u0103<\/div>\n<div class=\"ac-content active\">\n<p>Una dintre cele mai importante etape ale serviciului Laser Processing; \u00eenc\u0103 de aici putem influen\u021ba calitatea \u0219i timpul de livrare ale produsului final. Exper\u021bii Laser Processing te vor ajuta s\u0103 detaliezi caracteristicile tehnice \u0219i practice ale produsului pe care vrei s\u0103 \u00eel prelucrezi. \u00ce\u021bi putem da sugesii \u0219i recomand\u0103ri, pe baza experien\u021belor similare, pentru ca apoi s\u0103 \u00ee\u021bi oferim asisten\u021b\u0103 \u00een proiectarea CAD.<br \/>\nEstim\u0103rile necesarului de material \u0219i de pre\u021b final se fac tot \u00een aceast\u0103 etap\u0103, astfel \u00eenc\u00e2t este important ca toate detaliile s\u0103 fie puse la punct \u00eenc\u0103 de la \u00eenceput.<\/p>\n<\/div>\n<div class=\"ac-trigger\">2. Achizi\u021bie materie prim\u0103<\/div>\n<div class=\"ac-content\">\n<p>Conform concluziilor de la etapa 1, vom plasa comenzile de materie prim\u0103 de la furnizorii no\u0219tri, cu care avem parteneriate de lung\u0103 durat\u0103. Garant\u0103m deopotriv\u0103 calitatea \u0219i un pre\u021b competitiv al acestor materiale, exigen\u021bele Laser Processing fiind foarte clare \u00een acest sens.<\/p>\n<\/div>\n<div class=\"ac-trigger\">3. Produc\u021bie<\/div>\n<div class=\"ac-content\">\n<p>\u00cen func\u021bie de opera\u021biunile specifice fiec\u0103rui produs \u00een parte, exper\u021bii Laser Processing vor prelucra produsele conform comenzii. \u00cen cazul \u00een care apar situa\u021bii neprev\u0103zute sau avem sugestii suplimentare de \u00eembun\u0103t\u0103\u021bire, vom comunica toate aceste detalii c\u0103tre client. Verificarea \u0219i evaluarea produselor rezultate este efectuat\u0103 de c\u0103tre exper\u021bii Laser Processing, pentru a ne asigura c\u0103 totul merge conform planului.<\/p>\n<\/div>\n<div class=\"ac-trigger\">4. \u00cempachetare \u0219i etichetare<\/div>\n<div class=\"ac-content\">\n<p>Nou\u0103 ne place organizarea, iar aceast\u0103 etap\u0103 este vital\u0103 \u00een optimizarea \u00eentregului proces. Ne vom asigura c\u0103 beneficiarul \u00ee\u0219i va putea identifica u\u0219or produsele, le va putea sorta repede dup\u0103 propriile nevoi, iar utilizarea final\u0103 va fi instant\u0103.<\/p>\n<\/div>\n<div class=\"ac-trigger\">5. Livrare<\/div>\n<div class=\"ac-content\">\n<p>Garant\u0103m transportul produselor \u00een cele mai bune condi\u021bii la sediul beneficiarului. De asemenea, produsele vor putea fi ridicate de la sediul nostru, \u00een func\u021bie de nevoile clientului.<\/p>\n<\/div>\n<p><span style=\"color: #ffffff;\">adsfdsfs<\/span><\/p>\n<\/div>\n<p><\/p>","protected":false},"excerpt":{"rendered":"<p>Pe c\u00e2t de complex, pe at\u00e2t de eficient: de la comand\u0103 la produs \u00een 4 zile Laser Processing \u00ee\u0219i pune la dispozi\u021bie toate resursele pentru a onora comenzile clien\u021bilor \u00een condi\u021bii optime de timp \u0219i calitate. 1. Plasare comand\u0103 Una dintre cele mai importante etape ale serviciului Laser Processing; \u00eenc\u0103 de aici putem influen\u021ba calitatea<a href=\"https:\/\/laserprocessing.ro\/ro\/proces-de-productie\/\" class=\"read-more\"> [&#8230;]<\/a><\/p>\n","protected":false},"author":1,"featured_media":0,"parent":0,"menu_order":0,"comment_status":"closed","ping_status":"closed","template":"proces-productie-template.php","meta":{"_exactmetrics_skip_tracking":false,"_exactmetrics_sitenote_active":false,"_exactmetrics_sitenote_note":"","_exactmetrics_sitenote_category":0,"ngg_post_thumbnail":0,"footnotes":""},"class_list":["post-557","page","type-page","status-publish","hentry"],"_links":{"self":[{"href":"https:\/\/laserprocessing.ro\/ro\/wp-json\/wp\/v2\/pages\/557","targetHints":{"allow":["GET"]}}],"collection":[{"href":"https:\/\/laserprocessing.ro\/ro\/wp-json\/wp\/v2\/pages"}],"about":[{"href":"https:\/\/laserprocessing.ro\/ro\/wp-json\/wp\/v2\/types\/page"}],"author":[{"embeddable":true,"href":"https:\/\/laserprocessing.ro\/ro\/wp-json\/wp\/v2\/users\/1"}],"replies":[{"embeddable":true,"href":"https:\/\/laserprocessing.ro\/ro\/wp-json\/wp\/v2\/comments?post=557"}],"version-history":[{"count":5,"href":"https:\/\/laserprocessing.ro\/ro\/wp-json\/wp\/v2\/pages\/557\/revisions"}],"predecessor-version":[{"id":742,"href":"https:\/\/laserprocessing.ro\/ro\/wp-json\/wp\/v2\/pages\/557\/revisions\/742"}],"wp:attachment":[{"href":"https:\/\/laserprocessing.ro\/ro\/wp-json\/wp\/v2\/media?parent=557"}],"curies":[{"name":"wp","href":"https:\/\/api.w.org\/{rel}","templated":true}]}}