{"id":588,"date":"2020-11-29T13:49:00","date_gmt":"2020-11-29T11:49:00","guid":{"rendered":"https:\/\/laserprocessing.ro?page_id=588"},"modified":"2021-06-24T07:43:16","modified_gmt":"2021-06-24T04:43:16","slug":"servicii-sudare","status":"publish","type":"page","link":"https:\/\/laserprocessing.ro\/ro\/servicii-sudare\/","title":{"rendered":"Servicii Sudare Romania"},"content":{"rendered":"<p>\u00cen cadrul procesului de sudare utiliz\u0103m at\u00e2t tehnologia Synergic Pulse (parametrii de lucru se seteaz\u0103 automat \u00een func\u021bie de grosimea materialului \u0219i tipul de s\u00e2rm\u0103), c\u00e2t \u0219i Double Pulse Cod (cea mai bun\u0103 metod\u0103 de sudare a aluminiului \u0219i a reperelor din tabl\u0103 zincat\u0103).<\/p>\n<p>Serviciul de sudur\u0103 \u00een cadrul Laser Processing se efectueaz\u0103 cu ajutorul profesioni\u0219tilor no\u0219tri instrui\u021bi special pentru a garanta calitatea produselor finale.\u00a0Ace\u0219tia \u00ee\u021bi vor oferi consultan\u021b\u0103 cu privire la detaliile tehnice \u0219i eventualele provoc\u0103ri care pot ap\u0103rea pe parcursul procesului.<\/p>\n<p><span style=\"font-weight: 400;\">Precum toate celelalte procese de imbinare a doua material identice sau diferite &#8211; serviciile de sudure au multe avantaje de care trebuie sa tinem cont asa cum cel mai important dintre ele este fara doar si poate faptul ca ofera la finalul procesului de executie o structura de exceptie care va produce articulatii cu eficiente foarte mari.\u00a0<\/span><\/p>\n<p>Automarea sud\u0103rii ofer\u0103 numeroase avantaje pentru companiile de toate dimensiunile &#8211; de la productivitate \u00eembun\u0103t\u0103\u021bit\u0103 \u0219i consisten\u021b\u0103 a sudurii la costuri mai mici pentru produc\u021bie, for\u021b\u0103 de munc\u0103 \u0219i materiale.<\/p>\n<p>Av\u00e2nd capacitatea robo\u021bilor de a procesa componente sudate de trei p\u00e2n\u0103 la cinci ori mai repede dec\u00e2t oamenii, ac\u021bion\u00e2nd continuu, rezist\u00e2nd la un arc mai mare la timp \u0219i deplas\u00e2ndu-se rapid \u00eentre pozi\u021biile \u00eembin\u0103rii sudate, un sistem de sudare robotizat poate oferi cre\u0219teri substan\u021biale ale puterii.<\/p>\n<p><span style=\"font-weight: 400;\">Un alt avantaj al procesului de sudare este faptul ca imbinarile sudate sunt foarte rezistente in timp si de multe ori vor depasi rezistenta materialelor de baza. Aceste lucru se datoreaza faptului ca\u00a0 prin sudare se induce caldura care va modifica caracteristicile materialelor, iar dupa racirea efectiva, imbinarea va fi mult mai rezistenta \u2013 calirea suprafetei.<\/span><\/p>\n<p><span style=\"font-weight: 400;\">Un alt avantaj al sud\u0103rii este o gam\u0103 larg\u0103 de procese \u0219i abord\u0103ri care pot fi selectate \u0219i diversitatea corespunz\u0103toare de materiale care pot fi astfel sudate.<\/span><\/p>","protected":false},"excerpt":{"rendered":"<p>\u00cen cadrul procesului de sudare utiliz\u0103m at\u00e2t tehnologia Synergic Pulse (parametrii de lucru se seteaz\u0103 automat \u00een func\u021bie de grosimea materialului \u0219i tipul de s\u00e2rm\u0103), c\u00e2t \u0219i Double Pulse Cod (cea mai bun\u0103 metod\u0103 de sudare a aluminiului \u0219i a reperelor din tabl\u0103 zincat\u0103). Serviciul de sudur\u0103 \u00een cadrul Laser Processing se efectueaz\u0103 cu ajutorul<a href=\"https:\/\/laserprocessing.ro\/ro\/servicii-sudare\/\" class=\"read-more\"> [&#8230;]<\/a><\/p>\n","protected":false},"author":1,"featured_media":708,"parent":0,"menu_order":0,"comment_status":"closed","ping_status":"closed","template":"descriere-serviciu-template.php","meta":{"_exactmetrics_skip_tracking":false,"_exactmetrics_sitenote_active":false,"_exactmetrics_sitenote_note":"","_exactmetrics_sitenote_category":0,"ngg_post_thumbnail":0,"footnotes":""},"class_list":["post-588","page","type-page","status-publish","has-post-thumbnail","hentry"],"_links":{"self":[{"href":"https:\/\/laserprocessing.ro\/ro\/wp-json\/wp\/v2\/pages\/588","targetHints":{"allow":["GET"]}}],"collection":[{"href":"https:\/\/laserprocessing.ro\/ro\/wp-json\/wp\/v2\/pages"}],"about":[{"href":"https:\/\/laserprocessing.ro\/ro\/wp-json\/wp\/v2\/types\/page"}],"author":[{"embeddable":true,"href":"https:\/\/laserprocessing.ro\/ro\/wp-json\/wp\/v2\/users\/1"}],"replies":[{"embeddable":true,"href":"https:\/\/laserprocessing.ro\/ro\/wp-json\/wp\/v2\/comments?post=588"}],"version-history":[{"count":19,"href":"https:\/\/laserprocessing.ro\/ro\/wp-json\/wp\/v2\/pages\/588\/revisions"}],"predecessor-version":[{"id":1560,"href":"https:\/\/laserprocessing.ro\/ro\/wp-json\/wp\/v2\/pages\/588\/revisions\/1560"}],"wp:featuredmedia":[{"embeddable":true,"href":"https:\/\/laserprocessing.ro\/ro\/wp-json\/wp\/v2\/media\/708"}],"wp:attachment":[{"href":"https:\/\/laserprocessing.ro\/ro\/wp-json\/wp\/v2\/media?parent=588"}],"curies":[{"name":"wp","href":"https:\/\/api.w.org\/{rel}","templated":true}]}}