{"id":592,"date":"2016-08-29T13:56:38","date_gmt":"2016-08-29T13:56:38","guid":{"rendered":"https:\/\/laserprocessing.ro?page_id=592"},"modified":"2021-01-17T07:00:08","modified_gmt":"2021-01-17T05:00:08","slug":"proiectare-cad","status":"publish","type":"page","link":"https:\/\/laserprocessing.ro\/ro\/proiectare-cad\/","title":{"rendered":"Servicii Proiectare CAD"},"content":{"rendered":"<p>Laser Processing te va asista de la faza de concept p\u00e2n\u0103 la produsul finit. Te \u00eendrum\u0103m \u0219i te sprijinim s\u0103 concepi, s\u0103 alegi materialul potrivit, metoda de produc\u021bie, controlul calit\u0103\u021bii, livrare \u0219i raportare. Toate aceste servicii reprezint\u0103 cheia succesului firmei, at\u00e2t pentru livrarile \u00een Rom\u00e2nia, c\u00e2t \u0219i pentru cele \u00een str\u0103in\u0103tate.<\/p>\n<p>Proiectarea CAD reprezint\u0103 unul dintre cei mai importan\u021bi pa\u0219i \u00een tot procesul de produc\u021bie, pentru c\u0103 aici se define\u0219te produsul a\u0219a cum ar trebui s\u0103\u00a0arate la sf\u00e2r\u0219it, dar tot \u00een aceast\u0103 etap\u0103 se pot optimiza timpii de produc\u021bie, detaliile tehnice \u0219i, prin urmare, pre\u021bul \u0219i calitatea. \u00cen aceast\u0103 etap\u0103 utiliz\u0103m softul de proiectare\u00a0Solid Works.<\/p>\n<p>De aceea consider\u0103m c\u0103 este important s\u0103 venim \u00een \u00eent\u00e2mpinarea acelor clien\u021bi care nu au resurse tehnice de face aceast\u0103 etap\u0103. Consultan\u021bii no\u0219tri vor lua pas cu pas tot procesul tehnologic, vor \u00een\u021belege toate cererile tehnice ale beneficiarului \u0219i vor pune la punct detaliile tuturor opera\u021biunilor.<\/p>\n<p>Descoperiti si gama noastra de servicii profesionale de debitare laser<\/p>","protected":false},"excerpt":{"rendered":"<p>Laser Processing te va asista de la faza de concept p\u00e2n\u0103 la produsul finit. Te \u00eendrum\u0103m \u0219i te sprijinim s\u0103 concepi, s\u0103 alegi materialul potrivit, metoda de produc\u021bie, controlul calit\u0103\u021bii, livrare \u0219i raportare. Toate aceste servicii reprezint\u0103 cheia succesului firmei, at\u00e2t pentru livrarile \u00een Rom\u00e2nia, c\u00e2t \u0219i pentru cele \u00een str\u0103in\u0103tate. Proiectarea CAD reprezint\u0103 unul<a href=\"https:\/\/laserprocessing.ro\/ro\/proiectare-cad\/\" class=\"read-more\"> [&#8230;]<\/a><\/p>\n","protected":false},"author":1,"featured_media":0,"parent":0,"menu_order":0,"comment_status":"closed","ping_status":"closed","template":"descriere-serviciu-template.php","meta":{"_exactmetrics_skip_tracking":false,"_exactmetrics_sitenote_active":false,"_exactmetrics_sitenote_note":"","_exactmetrics_sitenote_category":0,"ngg_post_thumbnail":0,"footnotes":""},"class_list":["post-592","page","type-page","status-publish","hentry"],"_links":{"self":[{"href":"https:\/\/laserprocessing.ro\/ro\/wp-json\/wp\/v2\/pages\/592","targetHints":{"allow":["GET"]}}],"collection":[{"href":"https:\/\/laserprocessing.ro\/ro\/wp-json\/wp\/v2\/pages"}],"about":[{"href":"https:\/\/laserprocessing.ro\/ro\/wp-json\/wp\/v2\/types\/page"}],"author":[{"embeddable":true,"href":"https:\/\/laserprocessing.ro\/ro\/wp-json\/wp\/v2\/users\/1"}],"replies":[{"embeddable":true,"href":"https:\/\/laserprocessing.ro\/ro\/wp-json\/wp\/v2\/comments?post=592"}],"version-history":[{"count":10,"href":"https:\/\/laserprocessing.ro\/ro\/wp-json\/wp\/v2\/pages\/592\/revisions"}],"predecessor-version":[{"id":1274,"href":"https:\/\/laserprocessing.ro\/ro\/wp-json\/wp\/v2\/pages\/592\/revisions\/1274"}],"wp:attachment":[{"href":"https:\/\/laserprocessing.ro\/ro\/wp-json\/wp\/v2\/media?parent=592"}],"curies":[{"name":"wp","href":"https:\/\/api.w.org\/{rel}","templated":true}]}}