{"id":601,"date":"2016-08-29T14:35:28","date_gmt":"2016-08-29T14:35:28","guid":{"rendered":"https:\/\/laserprocessing.ro?page_id=601"},"modified":"2019-07-29T10:04:11","modified_gmt":"2019-07-29T07:04:11","slug":"de-ce-laser-processing","status":"publish","type":"page","link":"https:\/\/laserprocessing.ro\/ro\/de-ce-laser-processing\/","title":{"rendered":"De ce Laser Processing"},"content":{"rendered":"<p><\/p>\n<h1>6 Motive s\u0103 lucrezi cu noi<\/h1>\n<p>\u00cenc\u0103 de la \u00eenceputul activit\u0103\u021bii noastre, am venit cu elemente unice privind rela\u021bia cu clientul \u0219i procesul de produc\u021bie. De aceea, clien\u021bii no\u0219tri apeleaz\u0103 la noi constant \u0219i ne recomand\u0103 cu \u00eencredere.<\/p>\n<hr \/>\n<div class=\"rows _3\">\n<div class=\"side\">\n<h2>1. Reac\u021bie rapid\u0103:\u00a0livrare \u00een 4 pa\u0219i<\/h2>\n<p>Facem eforturi maxime pentru a optimiza \u00eentregul proces de produc\u021bie, astfel \u00eenc\u00e2t clientul s\u0103 aib\u0103 produsele finale c\u00e2t mai cur\u00e2nd posibil. \u00cen condi\u021bii normale, putem plasa comanda \u0219i s\u0103 livr\u0103m produsul final chiar \u00een 4 pa\u0219i.<\/p>\n<\/div>\n<div class=\"side\">\n<h2>2.\u00a0Proces de produc\u021bie optimizat<\/h2>\n<p>Totul la noi\u00a0este simplu: ne explica\u021bi nevoia dvs., v\u0103 ajut\u0103m cu designul produsului CAD, achizi\u021bion\u0103m materii prime de la furnizori de \u00eencredere, ambal\u0103m, etichet\u0103m \u0219i livr\u0103m produsul acolo unde ave\u021bi nevoie.<\/p>\n<\/div>\n<div class=\"side\">\n<h2>3.\u00a0Garant\u0103m \u00eentotdeauna calitatea<\/h2>\n<p>Am investit \u00een oameni, echipamente \u0219i tehnologie, iar toate eforturile noastre sunt certificate de TUV International Certification.<\/p>\n<\/div>\n<div class=\"side\">\n<h2>4.\u00a0Oferim asisten\u021b\u0103 pentru finalizarea conceptului<\/h2>\n<p>O parte important\u0103 a procesului de produc\u021bie este c\u0103 oferim asisten\u021b\u0103: v\u0103 ajut\u0103m s\u0103 finaliza\u021bi conceptul de produs, proiect\u0103m, vom oferi sugestii privind posibilele probleme sau c\u0103i de \u00eembun\u0103t\u0103\u021bire. Exper\u021bi \u00een prelucrarea laserului sunt aici pentru a v\u0103 ajuta.<\/p>\n<\/div>\n<div class=\"side\">\n<h2>5.\u00a0Echipamente noi \u0219i tehnologii moderne<\/h2>\n<p>Succesul pentru prelucrarea laserului const\u0103 \u00een ma\u0219inile \u0219i tehnologiile sale, care sunt cele mai noi: Laser TRUMPF &#8211; TruLaser 3030L20, TRULASER 3040 L32 format 4000 x 2000 mm (Op\u021biune soft BrightLine \u0219i CooLine pentru vitez\u0103 \u0219i calitate sporite), echipamente MIG \/ MAG \u0219i TIG \/ WIG sudare Safro,\u00a0Vopsirea lichid\u0103 biocomponent\u0103.<\/p>\n<\/div>\n<div class=\"side\">\n<h2>6.\u00a0Expertiza exper\u021bilor no\u0219tri \u0219i gam\u0103 larg\u0103 de industrii<\/h2>\n<p>Angaja\u021bii no\u0219tri au zeci de ani de experien\u021b\u0103 \u00een diferite industrii \u0219i au avut \u0219ansa de a lucra cu o gam\u0103 larg\u0103 de tehnologie \u0219i echipamente. Ei au dob\u00e2ndit experien\u021ba necesar\u0103 pentru a preveni poten\u021bialele probleme \u0219i optimizarea activit\u0103\u021bii de produc\u021bie. \u00cen plus, au o vast\u0103 experien\u021b\u0103 \u00eentr-o gam\u0103 larg\u0103 de industrii \u0219i materiale.<\/p>\n<\/div>\n<\/div>\n<p><\/p>","protected":false},"excerpt":{"rendered":"<p>6 Motive s\u0103 lucrezi cu noi \u00cenc\u0103 de la \u00eenceputul activit\u0103\u021bii noastre, am venit cu elemente unice privind rela\u021bia cu clientul \u0219i procesul de produc\u021bie. De aceea, clien\u021bii no\u0219tri apeleaz\u0103 la noi constant \u0219i ne recomand\u0103 cu \u00eencredere. 1. Reac\u021bie rapid\u0103:\u00a0livrare \u00een 4 pa\u0219i Facem eforturi maxime pentru a optimiza \u00eentregul proces de produc\u021bie, astfel<a href=\"https:\/\/laserprocessing.ro\/ro\/de-ce-laser-processing\/\" class=\"read-more\"> [&#8230;]<\/a><\/p>\n","protected":false},"author":1,"featured_media":0,"parent":0,"menu_order":0,"comment_status":"closed","ping_status":"closed","template":"de-ce-laser-processing-template.php","meta":{"_exactmetrics_skip_tracking":false,"_exactmetrics_sitenote_active":false,"_exactmetrics_sitenote_note":"","_exactmetrics_sitenote_category":0,"ngg_post_thumbnail":0,"footnotes":""},"class_list":["post-601","page","type-page","status-publish","hentry"],"_links":{"self":[{"href":"https:\/\/laserprocessing.ro\/ro\/wp-json\/wp\/v2\/pages\/601","targetHints":{"allow":["GET"]}}],"collection":[{"href":"https:\/\/laserprocessing.ro\/ro\/wp-json\/wp\/v2\/pages"}],"about":[{"href":"https:\/\/laserprocessing.ro\/ro\/wp-json\/wp\/v2\/types\/page"}],"author":[{"embeddable":true,"href":"https:\/\/laserprocessing.ro\/ro\/wp-json\/wp\/v2\/users\/1"}],"replies":[{"embeddable":true,"href":"https:\/\/laserprocessing.ro\/ro\/wp-json\/wp\/v2\/comments?post=601"}],"version-history":[{"count":6,"href":"https:\/\/laserprocessing.ro\/ro\/wp-json\/wp\/v2\/pages\/601\/revisions"}],"predecessor-version":[{"id":723,"href":"https:\/\/laserprocessing.ro\/ro\/wp-json\/wp\/v2\/pages\/601\/revisions\/723"}],"wp:attachment":[{"href":"https:\/\/laserprocessing.ro\/ro\/wp-json\/wp\/v2\/media?parent=601"}],"curies":[{"name":"wp","href":"https:\/\/api.w.org\/{rel}","templated":true}]}}